{"id":3961,"date":"2024-12-02T09:31:04","date_gmt":"2024-12-02T09:31:04","guid":{"rendered":"https:\/\/unpr-rse.ro\/?page_id=3961"},"modified":"2024-12-03T09:19:32","modified_gmt":"2024-12-03T09:19:32","slug":"membri-unpr-rse","status":"publish","type":"page","link":"https:\/\/unpr-rse.ro\/en\/membri-unpr-rse\/","title":{"rendered":"Members"},"content":{"rendered":"<div data-elementor-type=\"wp-page\" data-elementor-id=\"3961\" class=\"elementor elementor-3961\" data-elementor-post-type=\"page\">\n\t\t\t\t\t\t<section class=\"elementor-section elementor-top-section elementor-element elementor-element-4f149eb elementor-section-full_width elementor-section-height-default elementor-section-height-default\" data-id=\"4f149eb\" data-element_type=\"section\">\n\t\t\t\t\t\t<div class=\"elementor-container elementor-column-gap-no\">\n\t\t\t\t\t<div class=\"elementor-column elementor-col-100 elementor-top-column elementor-element elementor-element-bc23ceb\" data-id=\"bc23ceb\" data-element_type=\"column\">\n\t\t\t<div class=\"elementor-widget-wrap elementor-element-populated\">\n\t\t\t\t\t\t<section class=\"elementor-section elementor-inner-section elementor-element elementor-element-aa53b22 elementor-section-full_width elementor-section-height-default elementor-section-height-default\" data-id=\"aa53b22\" data-element_type=\"section\">\n\t\t\t\t\t\t<div class=\"elementor-container elementor-column-gap-default\">\n\t\t\t\t\t<div class=\"elementor-column elementor-col-100 elementor-inner-column elementor-element elementor-element-2927155\" data-id=\"2927155\" data-element_type=\"column\" data-settings=\"{&quot;background_background&quot;:&quot;classic&quot;}\">\n\t\t\t<div class=\"elementor-widget-wrap elementor-element-populated\">\n\t\t\t\t\t\t<div class=\"elementor-element elementor-element-30c7901 elementor-widget elementor-widget-modina_section_title\" data-id=\"30c7901\" data-element_type=\"widget\" data-widget_type=\"modina_section_title.default\">\n\t\t\t\t<div class=\"elementor-widget-container\">\n\t\t\t\r\n        <div class=\"block-contents text-start\">\r\n        <div class=\"section-title\">\r\n            <h5 class=\"text-start\"><\/h5>\r\n            <span><\/span>\r\n            <h2>Why <span> UNPR-RSE<\/span><\/h2>\r\n        <\/div>\r\n                    <p>Join the UNPR-RSE community, where over 10 members already benefit from personalized financial and legal consulting, dedicated courses and workshops, networking events, and access to a platform for promotion and branding. Together, we are building a sustainable and innovative business environment. Become part of a growing network and transform your business with us!<\/p>\r\n            <\/div>\r\n    \r\n    \t\t<\/div>\n\t\t\t\t<\/div>\n\t\t\t\t<div class=\"elementor-element elementor-element-b13816e elementor-button-info elementor-widget elementor-widget-button\" data-id=\"b13816e\" data-element_type=\"widget\" data-widget_type=\"button.default\">\n\t\t\t\t<div class=\"elementor-widget-container\">\n\t\t\t\t\t<div class=\"elementor-button-wrapper\">\n\t\t\t<a class=\"elementor-button elementor-button-link elementor-size-sm\" href=\"https:\/\/unpr-rse.ro\/en\/inscriere-unpr-rse\/\">\n\t\t\t\t\t\t<span class=\"elementor-button-content-wrapper\">\n\t\t\t\t\t\t\t\t\t<span class=\"elementor-button-text\">Become a Member<\/span>\n\t\t\t\t\t<\/span>\n\t\t\t\t\t<\/a>\n\t\t<\/div>\n\t\t\t\t<\/div>\n\t\t\t\t<\/div>\n\t\t\t\t\t<\/div>\n\t\t<\/div>\n\t\t\t\t\t<\/div>\n\t\t<\/section>\n\t\t\t\t\t<\/div>\n\t\t<\/div>\n\t\t\t\t\t<\/div>\n\t\t<\/section>\n\t\t\t\t<section class=\"elementor-section elementor-top-section elementor-element elementor-element-a6b68f4 elementor-section-boxed elementor-section-height-default elementor-section-height-default\" data-id=\"a6b68f4\" data-element_type=\"section\" data-settings=\"{&quot;background_background&quot;:&quot;classic&quot;}\">\n\t\t\t\t\t\t<div class=\"elementor-container elementor-column-gap-default\">\n\t\t\t\t\t<div class=\"elementor-column elementor-col-100 elementor-top-column elementor-element elementor-element-8dadd9f\" data-id=\"8dadd9f\" data-element_type=\"column\">\n\t\t\t<div class=\"elementor-widget-wrap elementor-element-populated\">\n\t\t\t\t\t\t<section class=\"elementor-section elementor-inner-section elementor-element elementor-element-4ad8f2e elementor-section-boxed elementor-section-height-default elementor-section-height-default\" data-id=\"4ad8f2e\" data-element_type=\"section\">\n\t\t\t\t\t\t<div class=\"elementor-container elementor-column-gap-no\">\n\t\t\t\t\t<div class=\"elementor-column elementor-col-100 elementor-inner-column elementor-element elementor-element-b5ea568\" data-id=\"b5ea568\" data-element_type=\"column\">\n\t\t\t<div class=\"elementor-widget-wrap elementor-element-populated\">\n\t\t\t\t\t\t<div class=\"elementor-element elementor-element-006eac5 elementor-widget elementor-widget-modina_section_title\" data-id=\"006eac5\" data-element_type=\"widget\" data-widget_type=\"modina_section_title.default\">\n\t\t\t\t<div class=\"elementor-widget-container\">\n\t\t\t\r\n        <div class=\"block-contents text-center\">\r\n        <div class=\"section-title\">\r\n            <h5 class=\"text-center\">Development<\/h5>\r\n            <span><\/span>\r\n            <h2>Membrii <span>.<\/span><\/h2>\r\n        <\/div>\r\n            <\/div>\r\n    \r\n    \t\t<\/div>\n\t\t\t\t<\/div>\n\t\t\t\t\t<\/div>\n\t\t<\/div>\n\t\t\t\t\t<\/div>\n\t\t<\/section>\n\t\t\t\t<section class=\"elementor-section elementor-inner-section elementor-element elementor-element-f3ba880 elementor-section-boxed elementor-section-height-default elementor-section-height-default\" data-id=\"f3ba880\" data-element_type=\"section\">\n\t\t\t\t\t\t<div class=\"elementor-container elementor-column-gap-no\">\n\t\t\t\t\t<div class=\"elementor-column elementor-col-33 elementor-inner-column elementor-element elementor-element-33848d5\" data-id=\"33848d5\" data-element_type=\"column\" data-settings=\"{&quot;background_background&quot;:&quot;classic&quot;}\">\n\t\t\t<div class=\"elementor-widget-wrap elementor-element-populated\">\n\t\t\t\t\t\t<div class=\"elementor-element elementor-element-3e52e39 elementor-widget elementor-widget-image\" data-id=\"3e52e39\" data-element_type=\"widget\" data-widget_type=\"image.default\">\n\t\t\t\t<div class=\"elementor-widget-container\">\n\t\t\t<style>\/*! elementor - v3.22.0 - 17-06-2024 *\/\n.elementor-widget-image{text-align:center}.elementor-widget-image a{display:inline-block}.elementor-widget-image a img[src$=\".svg\"]{width:48px}.elementor-widget-image img{vertical-align:middle;display:inline-block}<\/style>\t\t\t\t\t\t\t\t\t\t\t<a href=\"https:\/\/www.virtono.ro\">\n\t\t\t\t\t\t\t<img fetchpriority=\"high\" decoding=\"async\" width=\"1024\" height=\"166\" src=\"https:\/\/unpr-rse.ro\/wp-content\/uploads\/2023\/09\/logo-dark-1-1024x166.png\" class=\"attachment-large size-large wp-image-2623\" alt=\"Logo Virtono\" srcset=\"https:\/\/unpr-rse.ro\/wp-content\/uploads\/2023\/09\/logo-dark-1-1024x166.png 1024w, https:\/\/unpr-rse.ro\/wp-content\/uploads\/2023\/09\/logo-dark-1-300x49.png 300w, https:\/\/unpr-rse.ro\/wp-content\/uploads\/2023\/09\/logo-dark-1-768x124.png 768w, https:\/\/unpr-rse.ro\/wp-content\/uploads\/2023\/09\/logo-dark-1.png 1367w\" sizes=\"(max-width: 1024px) 100vw, 1024px\" \/>\t\t\t\t\t\t\t\t<\/a>\n\t\t\t\t\t\t\t\t\t\t\t\t\t<\/div>\n\t\t\t\t<\/div>\n\t\t\t\t\t<\/div>\n\t\t<\/div>\n\t\t\t\t<div class=\"elementor-column elementor-col-33 elementor-inner-column elementor-element elementor-element-220da42\" data-id=\"220da42\" data-element_type=\"column\" data-settings=\"{&quot;background_background&quot;:&quot;classic&quot;}\">\n\t\t\t<div class=\"elementor-widget-wrap elementor-element-populated\">\n\t\t\t\t\t\t<div class=\"elementor-element elementor-element-e829ccc elementor-widget__width-initial elementor-widget elementor-widget-image\" data-id=\"e829ccc\" data-element_type=\"widget\" data-widget_type=\"image.default\">\n\t\t\t\t<div class=\"elementor-widget-container\">\n\t\t\t\t\t\t\t\t\t\t\t\t\t\t<a href=\"https:\/\/www.cultofcoders.com\">\n\t\t\t\t\t\t\t<img decoding=\"async\" width=\"716\" height=\"193\" src=\"https:\/\/unpr-rse.ro\/wp-content\/uploads\/2023\/09\/Cult-Logo.png\" class=\"attachment-large size-large wp-image-2625\" alt=\"\" srcset=\"https:\/\/unpr-rse.ro\/wp-content\/uploads\/2023\/09\/Cult-Logo.png 716w, https:\/\/unpr-rse.ro\/wp-content\/uploads\/2023\/09\/Cult-Logo-300x81.png 300w\" sizes=\"(max-width: 716px) 100vw, 716px\" \/>\t\t\t\t\t\t\t\t<\/a>\n\t\t\t\t\t\t\t\t\t\t\t\t\t<\/div>\n\t\t\t\t<\/div>\n\t\t\t\t\t<\/div>\n\t\t<\/div>\n\t\t\t\t<div class=\"elementor-column elementor-col-33 elementor-inner-column elementor-element elementor-element-faf4a41\" data-id=\"faf4a41\" data-element_type=\"column\" data-settings=\"{&quot;background_background&quot;:&quot;classic&quot;}\">\n\t\t\t<div class=\"elementor-widget-wrap elementor-element-populated\">\n\t\t\t\t\t\t<div class=\"elementor-element elementor-element-679779d elementor-widget elementor-widget-image\" data-id=\"679779d\" data-element_type=\"widget\" data-widget_type=\"image.default\">\n\t\t\t\t<div class=\"elementor-widget-container\">\n\t\t\t\t\t\t\t\t\t\t\t\t\t\t<a href=\"https:\/\/www.admintools.io\">\n\t\t\t\t\t\t\t<img decoding=\"async\" width=\"322\" height=\"58\" src=\"https:\/\/unpr-rse.ro\/wp-content\/uploads\/2024\/03\/AT-light-background-logo.png\" class=\"attachment-large size-large wp-image-3106\" alt=\"\" srcset=\"https:\/\/unpr-rse.ro\/wp-content\/uploads\/2024\/03\/AT-light-background-logo.png 322w, https:\/\/unpr-rse.ro\/wp-content\/uploads\/2024\/03\/AT-light-background-logo-300x54.png 300w\" sizes=\"(max-width: 322px) 100vw, 322px\" \/>\t\t\t\t\t\t\t\t<\/a>\n\t\t\t\t\t\t\t\t\t\t\t\t\t<\/div>\n\t\t\t\t<\/div>\n\t\t\t\t\t<\/div>\n\t\t<\/div>\n\t\t\t\t\t<\/div>\n\t\t<\/section>\n\t\t\t\t<section class=\"elementor-section elementor-inner-section elementor-element elementor-element-d93d225 elementor-section-boxed elementor-section-height-default elementor-section-height-default\" data-id=\"d93d225\" data-element_type=\"section\">\n\t\t\t\t\t\t<div class=\"elementor-container elementor-column-gap-no\">\n\t\t\t\t\t<div class=\"elementor-column elementor-col-33 elementor-inner-column elementor-element elementor-element-d5f5ef5\" data-id=\"d5f5ef5\" data-element_type=\"column\" data-settings=\"{&quot;background_background&quot;:&quot;classic&quot;}\">\n\t\t\t<div class=\"elementor-widget-wrap elementor-element-populated\">\n\t\t\t\t\t\t<div class=\"elementor-element elementor-element-2f156d0 elementor-widget elementor-widget-image\" data-id=\"2f156d0\" data-element_type=\"widget\" data-widget_type=\"image.default\">\n\t\t\t\t<div class=\"elementor-widget-container\">\n\t\t\t\t\t\t\t\t\t\t\t\t\t\t<a href=\"https:\/\/www.midia-international.ro\">\n\t\t\t\t\t\t\t<img loading=\"lazy\" decoding=\"async\" width=\"1024\" height=\"274\" src=\"https:\/\/unpr-rse.ro\/wp-content\/uploads\/2024\/12\/MIDIA-1-1-1024x274.png\" class=\"attachment-large size-large wp-image-3969\" alt=\"Midia International\" srcset=\"https:\/\/unpr-rse.ro\/wp-content\/uploads\/2024\/12\/MIDIA-1-1-1024x274.png 1024w, https:\/\/unpr-rse.ro\/wp-content\/uploads\/2024\/12\/MIDIA-1-1-300x80.png 300w, https:\/\/unpr-rse.ro\/wp-content\/uploads\/2024\/12\/MIDIA-1-1-768x206.png 768w, https:\/\/unpr-rse.ro\/wp-content\/uploads\/2024\/12\/MIDIA-1-1-1536x412.png 1536w, https:\/\/unpr-rse.ro\/wp-content\/uploads\/2024\/12\/MIDIA-1-1-18x5.png 18w, https:\/\/unpr-rse.ro\/wp-content\/uploads\/2024\/12\/MIDIA-1-1.png 1567w\" sizes=\"(max-width: 1024px) 100vw, 1024px\" \/>\t\t\t\t\t\t\t\t<\/a>\n\t\t\t\t\t\t\t\t\t\t\t\t\t<\/div>\n\t\t\t\t<\/div>\n\t\t\t\t\t<\/div>\n\t\t<\/div>\n\t\t\t\t<div class=\"elementor-column elementor-col-33 elementor-inner-column elementor-element elementor-element-65000f2\" data-id=\"65000f2\" data-element_type=\"column\" data-settings=\"{&quot;background_background&quot;:&quot;classic&quot;}\">\n\t\t\t<div class=\"elementor-widget-wrap elementor-element-populated\">\n\t\t\t\t\t\t<div class=\"elementor-element elementor-element-ed89b76 elementor-widget elementor-widget-image\" data-id=\"ed89b76\" data-element_type=\"widget\" data-widget_type=\"image.default\">\n\t\t\t\t<div class=\"elementor-widget-container\">\n\t\t\t\t\t\t\t\t\t\t\t\t\t\t<a href=\"https:\/\/www.modalprojects.com\">\n\t\t\t\t\t\t\t<img loading=\"lazy\" decoding=\"async\" width=\"1024\" height=\"164\" src=\"https:\/\/unpr-rse.ro\/wp-content\/uploads\/2024\/12\/Screenshot-2024-06-21-at-15.00.25-1-1024x164.png\" class=\"attachment-large size-large wp-image-3972\" alt=\"\" srcset=\"https:\/\/unpr-rse.ro\/wp-content\/uploads\/2024\/12\/Screenshot-2024-06-21-at-15.00.25-1-1024x164.png 1024w, https:\/\/unpr-rse.ro\/wp-content\/uploads\/2024\/12\/Screenshot-2024-06-21-at-15.00.25-1-300x48.png 300w, https:\/\/unpr-rse.ro\/wp-content\/uploads\/2024\/12\/Screenshot-2024-06-21-at-15.00.25-1-768x123.png 768w, https:\/\/unpr-rse.ro\/wp-content\/uploads\/2024\/12\/Screenshot-2024-06-21-at-15.00.25-1-1536x247.png 1536w, https:\/\/unpr-rse.ro\/wp-content\/uploads\/2024\/12\/Screenshot-2024-06-21-at-15.00.25-1-18x3.png 18w, https:\/\/unpr-rse.ro\/wp-content\/uploads\/2024\/12\/Screenshot-2024-06-21-at-15.00.25-1.png 1744w\" sizes=\"(max-width: 1024px) 100vw, 1024px\" \/>\t\t\t\t\t\t\t\t<\/a>\n\t\t\t\t\t\t\t\t\t\t\t\t\t<\/div>\n\t\t\t\t<\/div>\n\t\t\t\t\t<\/div>\n\t\t<\/div>\n\t\t\t\t<div class=\"elementor-column elementor-col-33 elementor-inner-column elementor-element elementor-element-04386e6\" data-id=\"04386e6\" data-element_type=\"column\" data-settings=\"{&quot;background_background&quot;:&quot;classic&quot;}\">\n\t\t\t<div class=\"elementor-widget-wrap elementor-element-populated\">\n\t\t\t\t\t\t<div class=\"elementor-element elementor-element-15855c5 elementor-widget elementor-widget-image\" data-id=\"15855c5\" data-element_type=\"widget\" data-widget_type=\"image.default\">\n\t\t\t\t<div class=\"elementor-widget-container\">\n\t\t\t\t\t\t\t\t\t\t\t\t\t\t<a href=\"https:\/\/www.wpenergy.ro\">\n\t\t\t\t\t\t\t<img loading=\"lazy\" decoding=\"async\" width=\"776\" height=\"719\" src=\"https:\/\/unpr-rse.ro\/wp-content\/uploads\/2024\/12\/WPE-NOU-p-500-1.png\" class=\"attachment-2048x2048 size-2048x2048 wp-image-3963\" alt=\"WPENERGY\" srcset=\"https:\/\/unpr-rse.ro\/wp-content\/uploads\/2024\/12\/WPE-NOU-p-500-1.png 776w, https:\/\/unpr-rse.ro\/wp-content\/uploads\/2024\/12\/WPE-NOU-p-500-1-300x278.png 300w, https:\/\/unpr-rse.ro\/wp-content\/uploads\/2024\/12\/WPE-NOU-p-500-1-768x712.png 768w, https:\/\/unpr-rse.ro\/wp-content\/uploads\/2024\/12\/WPE-NOU-p-500-1-13x12.png 13w\" sizes=\"(max-width: 776px) 100vw, 776px\" \/>\t\t\t\t\t\t\t\t<\/a>\n\t\t\t\t\t\t\t\t\t\t\t\t\t<\/div>\n\t\t\t\t<\/div>\n\t\t\t\t\t<\/div>\n\t\t<\/div>\n\t\t\t\t\t<\/div>\n\t\t<\/section>\n\t\t\t\t<section class=\"elementor-section elementor-inner-section elementor-element elementor-element-28d85d3 elementor-section-boxed elementor-section-height-default elementor-section-height-default\" data-id=\"28d85d3\" data-element_type=\"section\">\n\t\t\t\t\t\t<div class=\"elementor-container elementor-column-gap-no\">\n\t\t\t\t\t<div class=\"elementor-column elementor-col-33 elementor-inner-column elementor-element elementor-element-5a9e107\" data-id=\"5a9e107\" data-element_type=\"column\" data-settings=\"{&quot;background_background&quot;:&quot;classic&quot;}\">\n\t\t\t<div class=\"elementor-widget-wrap elementor-element-populated\">\n\t\t\t\t\t\t<div class=\"elementor-element elementor-element-d3ab833 elementor-widget elementor-widget-image\" data-id=\"d3ab833\" data-element_type=\"widget\" data-widget_type=\"image.default\">\n\t\t\t\t<div class=\"elementor-widget-container\">\n\t\t\t\t\t\t\t\t\t\t\t\t\t<img loading=\"lazy\" decoding=\"async\" width=\"1024\" height=\"202\" src=\"https:\/\/unpr-rse.ro\/wp-content\/uploads\/2024\/12\/Ibero-Tyles-1024x202.png\" class=\"attachment-large size-large wp-image-3977\" alt=\"\" srcset=\"https:\/\/unpr-rse.ro\/wp-content\/uploads\/2024\/12\/Ibero-Tyles-1024x202.png 1024w, https:\/\/unpr-rse.ro\/wp-content\/uploads\/2024\/12\/Ibero-Tyles-300x59.png 300w, https:\/\/unpr-rse.ro\/wp-content\/uploads\/2024\/12\/Ibero-Tyles-768x152.png 768w, https:\/\/unpr-rse.ro\/wp-content\/uploads\/2024\/12\/Ibero-Tyles-1536x303.png 1536w, https:\/\/unpr-rse.ro\/wp-content\/uploads\/2024\/12\/Ibero-Tyles-18x4.png 18w, https:\/\/unpr-rse.ro\/wp-content\/uploads\/2024\/12\/Ibero-Tyles.png 1621w\" sizes=\"(max-width: 1024px) 100vw, 1024px\" \/>\t\t\t\t\t\t\t\t\t\t\t\t\t<\/div>\n\t\t\t\t<\/div>\n\t\t\t\t\t<\/div>\n\t\t<\/div>\n\t\t\t\t<div class=\"elementor-column elementor-col-33 elementor-inner-column elementor-element elementor-element-9ecffe8\" data-id=\"9ecffe8\" data-element_type=\"column\" data-settings=\"{&quot;background_background&quot;:&quot;classic&quot;}\">\n\t\t\t<div class=\"elementor-widget-wrap elementor-element-populated\">\n\t\t\t\t\t\t<div class=\"elementor-element elementor-element-ec26aee elementor-widget elementor-widget-image\" data-id=\"ec26aee\" data-element_type=\"widget\" data-widget_type=\"image.default\">\n\t\t\t\t<div class=\"elementor-widget-container\">\n\t\t\t\t\t\t\t\t\t\t\t\t\t\t<a href=\"https:\/\/www.srintegrate.ro\">\n\t\t\t\t\t\t\t<img loading=\"lazy\" decoding=\"async\" width=\"481\" height=\"480\" src=\"https:\/\/unpr-rse.ro\/wp-content\/uploads\/2024\/12\/Group-2147223194.png\" class=\"attachment-large size-large wp-image-3970\" alt=\"SRT\" srcset=\"https:\/\/unpr-rse.ro\/wp-content\/uploads\/2024\/12\/Group-2147223194.png 481w, https:\/\/unpr-rse.ro\/wp-content\/uploads\/2024\/12\/Group-2147223194-300x300.png 300w, https:\/\/unpr-rse.ro\/wp-content\/uploads\/2024\/12\/Group-2147223194-150x150.png 150w, https:\/\/unpr-rse.ro\/wp-content\/uploads\/2024\/12\/Group-2147223194-12x12.png 12w\" sizes=\"(max-width: 481px) 100vw, 481px\" \/>\t\t\t\t\t\t\t\t<\/a>\n\t\t\t\t\t\t\t\t\t\t\t\t\t<\/div>\n\t\t\t\t<\/div>\n\t\t\t\t\t<\/div>\n\t\t<\/div>\n\t\t\t\t<div class=\"elementor-column elementor-col-33 elementor-inner-column elementor-element elementor-element-84bc52f\" data-id=\"84bc52f\" data-element_type=\"column\" data-settings=\"{&quot;background_background&quot;:&quot;classic&quot;}\">\n\t\t\t<div class=\"elementor-widget-wrap elementor-element-populated\">\n\t\t\t\t\t\t<div class=\"elementor-element elementor-element-1d93eca elementor-widget elementor-widget-image\" data-id=\"1d93eca\" data-element_type=\"widget\" data-widget_type=\"image.default\">\n\t\t\t\t<div class=\"elementor-widget-container\">\n\t\t\t\t\t\t\t\t\t\t\t\t\t<img loading=\"lazy\" decoding=\"async\" width=\"1024\" height=\"1024\" src=\"https:\/\/unpr-rse.ro\/wp-content\/uploads\/2024\/12\/prodexport-logo-1-1024x1024.png\" class=\"attachment-large size-large wp-image-3979\" alt=\"\" srcset=\"https:\/\/unpr-rse.ro\/wp-content\/uploads\/2024\/12\/prodexport-logo-1-1024x1024.png 1024w, https:\/\/unpr-rse.ro\/wp-content\/uploads\/2024\/12\/prodexport-logo-1-300x300.png 300w, https:\/\/unpr-rse.ro\/wp-content\/uploads\/2024\/12\/prodexport-logo-1-150x150.png 150w, https:\/\/unpr-rse.ro\/wp-content\/uploads\/2024\/12\/prodexport-logo-1-768x768.png 768w, https:\/\/unpr-rse.ro\/wp-content\/uploads\/2024\/12\/prodexport-logo-1-12x12.png 12w, https:\/\/unpr-rse.ro\/wp-content\/uploads\/2024\/12\/prodexport-logo-1.png 1080w\" sizes=\"(max-width: 1024px) 100vw, 1024px\" \/>\t\t\t\t\t\t\t\t\t\t\t\t\t<\/div>\n\t\t\t\t<\/div>\n\t\t\t\t\t<\/div>\n\t\t<\/div>\n\t\t\t\t\t<\/div>\n\t\t<\/section>\n\t\t\t\t\t<\/div>\n\t\t<\/div>\n\t\t\t\t\t<\/div>\n\t\t<\/section>\n\t\t\t\t<\/div>","protected":false},"excerpt":{"rendered":"<p>De ce UNPR-RSE Al\u0103tura\u021bi-v\u0103 comunit\u0103\u021bii UNPR-RSE, unde peste 10 membri beneficiaz\u0103 deja de consultan\u021b\u0103 financiar\u0103 \u0219i juridic\u0103 personalizat\u0103, cursuri \u0219i workshop-uri dedicate, evenimente de networking \u0219i acces la o platform\u0103 de promovare \u0219i branding. \u00cempreun\u0103, dezvolt\u0103m un mediu de afaceri sustenabil \u0219i inovator. Deveni\u021bi parte a unei re\u021bele \u00een continu\u0103 cre\u0219tere \u0219i transforma\u021bi-v\u0103 afacerea al\u0103turi [&hellip;]<\/p>","protected":false},"author":1,"featured_media":0,"parent":0,"menu_order":0,"comment_status":"closed","ping_status":"closed","template":"elementor_header_footer","meta":{"om_disable_all_campaigns":false,"_monsterinsights_skip_tracking":false,"_monsterinsights_sitenote_active":false,"_monsterinsights_sitenote_note":"","_monsterinsights_sitenote_category":0,"footnotes":""},"class_list":["post-3961","page","type-page","status-publish","hentry"],"acf":[],"aioseo_notices":[],"_links":{"self":[{"href":"https:\/\/unpr-rse.ro\/en\/wp-json\/wp\/v2\/pages\/3961","targetHints":{"allow":["GET"]}}],"collection":[{"href":"https:\/\/unpr-rse.ro\/en\/wp-json\/wp\/v2\/pages"}],"about":[{"href":"https:\/\/unpr-rse.ro\/en\/wp-json\/wp\/v2\/types\/page"}],"author":[{"embeddable":true,"href":"https:\/\/unpr-rse.ro\/en\/wp-json\/wp\/v2\/users\/1"}],"replies":[{"embeddable":true,"href":"https:\/\/unpr-rse.ro\/en\/wp-json\/wp\/v2\/comments?post=3961"}],"version-history":[{"count":28,"href":"https:\/\/unpr-rse.ro\/en\/wp-json\/wp\/v2\/pages\/3961\/revisions"}],"predecessor-version":[{"id":4003,"href":"https:\/\/unpr-rse.ro\/en\/wp-json\/wp\/v2\/pages\/3961\/revisions\/4003"}],"wp:attachment":[{"href":"https:\/\/unpr-rse.ro\/en\/wp-json\/wp\/v2\/media?parent=3961"}],"curies":[{"name":"wp","href":"https:\/\/api.w.org\/{rel}","templated":true}]}}