{"id":2863,"date":"2024-01-18T12:30:56","date_gmt":"2024-01-18T12:30:56","guid":{"rendered":"https:\/\/unpr-rse.ro\/?page_id=2863"},"modified":"2024-05-24T14:09:47","modified_gmt":"2024-05-24T14:09:47","slug":"despre-noi","status":"publish","type":"page","link":"https:\/\/unpr-rse.ro\/en\/despre-noi\/","title":{"rendered":"About Us"},"content":{"rendered":"<div data-elementor-type=\"wp-page\" data-elementor-id=\"2863\" class=\"elementor elementor-2863\" data-elementor-post-type=\"page\">\n\t\t\t\t\t\t<section class=\"elementor-section elementor-top-section elementor-element elementor-element-4f149eb elementor-section-full_width elementor-section-height-default elementor-section-height-default\" data-id=\"4f149eb\" data-element_type=\"section\">\n\t\t\t\t\t\t<div class=\"elementor-container elementor-column-gap-no\">\n\t\t\t\t\t<div class=\"elementor-column elementor-col-100 elementor-top-column elementor-element elementor-element-bc23ceb\" data-id=\"bc23ceb\" data-element_type=\"column\">\n\t\t\t<div class=\"elementor-widget-wrap\">\n\t\t\t\t\t\t\t<\/div>\n\t\t<\/div>\n\t\t\t\t\t<\/div>\n\t\t<\/section>\n\t\t\t\t<section class=\"elementor-section elementor-top-section elementor-element elementor-element-bc1f601 elementor-section-boxed elementor-section-height-default elementor-section-height-default\" data-id=\"bc1f601\" data-element_type=\"section\">\n\t\t\t\t\t\t<div class=\"elementor-container elementor-column-gap-default\">\n\t\t\t\t\t<div class=\"elementor-column elementor-col-50 elementor-top-column elementor-element elementor-element-087b62f\" data-id=\"087b62f\" data-element_type=\"column\">\n\t\t\t<div class=\"elementor-widget-wrap elementor-element-populated\">\n\t\t\t\t\t\t<div class=\"elementor-element elementor-element-7974fc7 elementor-widget elementor-widget-image\" data-id=\"7974fc7\" data-element_type=\"widget\" data-widget_type=\"image.default\">\n\t\t\t\t<div class=\"elementor-widget-container\">\n\t\t\t<style>\/*! elementor - v3.22.0 - 17-06-2024 *\/\n.elementor-widget-image{text-align:center}.elementor-widget-image a{display:inline-block}.elementor-widget-image a img[src$=\".svg\"]{width:48px}.elementor-widget-image img{vertical-align:middle;display:inline-block}<\/style>\t\t\t\t\t\t\t\t\t\t<img fetchpriority=\"high\" decoding=\"async\" width=\"1705\" height=\"2019\" src=\"https:\/\/unpr-rse.ro\/wp-content\/uploads\/2023\/08\/pexels-fauxels-3184433-scaled-e1692872545313.jpg\" class=\"attachment-full size-full wp-image-2375\" alt=\"Comunitate business\" srcset=\"https:\/\/unpr-rse.ro\/wp-content\/uploads\/2023\/08\/pexels-fauxels-3184433-scaled-e1692872545313.jpg 1705w, https:\/\/unpr-rse.ro\/wp-content\/uploads\/2023\/08\/pexels-fauxels-3184433-scaled-e1692872545313-253x300.jpg 253w, https:\/\/unpr-rse.ro\/wp-content\/uploads\/2023\/08\/pexels-fauxels-3184433-scaled-e1692872545313-865x1024.jpg 865w, https:\/\/unpr-rse.ro\/wp-content\/uploads\/2023\/08\/pexels-fauxels-3184433-scaled-e1692872545313-768x909.jpg 768w, https:\/\/unpr-rse.ro\/wp-content\/uploads\/2023\/08\/pexels-fauxels-3184433-scaled-e1692872545313-1297x1536.jpg 1297w, https:\/\/unpr-rse.ro\/wp-content\/uploads\/2023\/08\/pexels-fauxels-3184433-scaled-e1692872545313-600x710.jpg 600w\" sizes=\"(max-width: 1705px) 100vw, 1705px\" \/>\t\t\t\t\t\t\t\t\t\t\t\t\t<\/div>\n\t\t\t\t<\/div>\n\t\t\t\t\t<\/div>\n\t\t<\/div>\n\t\t\t\t<div class=\"elementor-column elementor-col-50 elementor-top-column elementor-element elementor-element-6c55d0e\" data-id=\"6c55d0e\" data-element_type=\"column\">\n\t\t\t<div class=\"elementor-widget-wrap elementor-element-populated\">\n\t\t\t\t\t\t<div class=\"elementor-element elementor-element-16de0b0 elementor-widget elementor-widget-modina_section_title\" data-id=\"16de0b0\" data-element_type=\"widget\" data-widget_type=\"modina_section_title.default\">\n\t\t\t\t<div class=\"elementor-widget-container\">\n\t\t\t\r\n        <div class=\"block-contents text-start\">\r\n        <div class=\"section-title\">\r\n            <h5 class=\"text-start\">UNPR<\/h5>\r\n            <span><\/span>\r\n            <h2>Our <span>Mission<\/span><\/h2>\r\n        <\/div>\r\n            <\/div>\r\n    \r\n    \t\t<\/div>\n\t\t\t\t<\/div>\n\t\t\t\t<section class=\"elementor-section elementor-inner-section elementor-element elementor-element-bce5ee9 about-content elementor-section-boxed elementor-section-height-default elementor-section-height-default\" data-id=\"bce5ee9\" data-element_type=\"section\" data-settings=\"{&quot;background_background&quot;:&quot;classic&quot;}\">\n\t\t\t\t\t\t<div class=\"elementor-container elementor-column-gap-no\">\n\t\t\t\t\t<div class=\"elementor-column elementor-col-100 elementor-inner-column elementor-element elementor-element-c7c94a8\" data-id=\"c7c94a8\" data-element_type=\"column\">\n\t\t\t<div class=\"elementor-widget-wrap elementor-element-populated\">\n\t\t\t\t\t\t<div class=\"elementor-element elementor-element-6d6c2b2 elementor-widget elementor-widget-text-editor\" data-id=\"6d6c2b2\" data-element_type=\"widget\" data-widget_type=\"text-editor.default\">\n\t\t\t\t<div class=\"elementor-widget-container\">\n\t\t\t<style>\/*! elementor - v3.22.0 - 17-06-2024 *\/\n.elementor-widget-text-editor.elementor-drop-cap-view-stacked .elementor-drop-cap{background-color:#69727d;color:#fff}.elementor-widget-text-editor.elementor-drop-cap-view-framed .elementor-drop-cap{color:#69727d;border:3px solid;background-color:transparent}.elementor-widget-text-editor:not(.elementor-drop-cap-view-default) .elementor-drop-cap{margin-top:8px}.elementor-widget-text-editor:not(.elementor-drop-cap-view-default) .elementor-drop-cap-letter{width:1em;height:1em}.elementor-widget-text-editor .elementor-drop-cap{float:left;text-align:center;line-height:1;font-size:50px}.elementor-widget-text-editor .elementor-drop-cap-letter{display:inline-block}<\/style>\t\t\t\t<p>We are the bridge between private companies in Romania, aiming to open new horizons of business together with you.<\/p><p>\u00a0<\/p><p>We are building a strong and efficient community that not only defends the interests of its members but also continuously fights for a unified approach to the major issues facing the business environment.<\/p><p>\u00a0<\/p><p>Certainly, each of you will find an area of interest within UNPR and feel that you are part of a community that supports and appreciates your efforts. Together we are stronger, more efficient, and more capable of achieving our goals.<\/p><p>\u00a0<\/p><p>Thus, we can make a better business world for ourselves, for our employees, and for our future!<\/p>\t\t\t\t\t\t<\/div>\n\t\t\t\t<\/div>\n\t\t\t\t\t<\/div>\n\t\t<\/div>\n\t\t\t\t\t<\/div>\n\t\t<\/section>\n\t\t\t\t<section class=\"elementor-section elementor-inner-section elementor-element elementor-element-0847c5a elementor-section-content-middle aouthor-box-info elementor-section-boxed elementor-section-height-default elementor-section-height-default\" data-id=\"0847c5a\" data-element_type=\"section\" data-settings=\"{&quot;background_background&quot;:&quot;classic&quot;}\">\n\t\t\t\t\t\t<div class=\"elementor-container elementor-column-gap-default\">\n\t\t\t\t\t<div class=\"elementor-column elementor-col-50 elementor-inner-column elementor-element elementor-element-c050d41\" data-id=\"c050d41\" data-element_type=\"column\">\n\t\t\t<div class=\"elementor-widget-wrap elementor-element-populated\">\n\t\t\t\t\t\t<div class=\"elementor-element elementor-element-2410141 elementor-widget elementor-widget-heading\" data-id=\"2410141\" data-element_type=\"widget\" data-widget_type=\"heading.default\">\n\t\t\t\t<div class=\"elementor-widget-container\">\n\t\t\t<style>\/*! elementor - v3.22.0 - 17-06-2024 *\/\n.elementor-heading-title{padding:0;margin:0;line-height:1}.elementor-widget-heading .elementor-heading-title[class*=elementor-size-]>a{color:inherit;font-size:inherit;line-height:inherit}.elementor-widget-heading .elementor-heading-title.elementor-size-small{font-size:15px}.elementor-widget-heading .elementor-heading-title.elementor-size-medium{font-size:19px}.elementor-widget-heading .elementor-heading-title.elementor-size-large{font-size:29px}.elementor-widget-heading .elementor-heading-title.elementor-size-xl{font-size:39px}.elementor-widget-heading .elementor-heading-title.elementor-size-xxl{font-size:59px}<\/style><h4 class=\"elementor-heading-title elementor-size-default\">Daniel-Constantin Moraru<\/h4>\t\t<\/div>\n\t\t\t\t<\/div>\n\t\t\t\t<div class=\"elementor-element elementor-element-1ea261a elementor-widget elementor-widget-heading\" data-id=\"1ea261a\" data-element_type=\"widget\" data-widget_type=\"heading.default\">\n\t\t\t\t<div class=\"elementor-widget-container\">\n\t\t\t<p class=\"elementor-heading-title elementor-size-small\">President of UNPR - RSE<\/p>\t\t<\/div>\n\t\t\t\t<\/div>\n\t\t\t\t\t<\/div>\n\t\t<\/div>\n\t\t\t\t<div class=\"elementor-column elementor-col-50 elementor-inner-column elementor-element elementor-element-2347c0e\" data-id=\"2347c0e\" data-element_type=\"column\">\n\t\t\t<div class=\"elementor-widget-wrap elementor-element-populated\">\n\t\t\t\t\t\t<div class=\"elementor-element elementor-element-d0c5a1a elementor-widget__width-initial elementor-widget elementor-widget-image\" data-id=\"d0c5a1a\" data-element_type=\"widget\" data-widget_type=\"image.default\">\n\t\t\t\t<div class=\"elementor-widget-container\">\n\t\t\t\t\t\t\t\t\t\t\t\t\t<img decoding=\"async\" width=\"300\" height=\"200\" src=\"https:\/\/unpr-rse.ro\/wp-content\/uploads\/2024\/05\/7-300x200.jpg\" class=\"attachment-medium size-medium wp-image-3529\" alt=\"\" srcset=\"https:\/\/unpr-rse.ro\/wp-content\/uploads\/2024\/05\/7-300x200.jpg 300w, https:\/\/unpr-rse.ro\/wp-content\/uploads\/2024\/05\/7-1024x683.jpg 1024w, https:\/\/unpr-rse.ro\/wp-content\/uploads\/2024\/05\/7-768x512.jpg 768w, https:\/\/unpr-rse.ro\/wp-content\/uploads\/2024\/05\/7-18x12.jpg 18w, https:\/\/unpr-rse.ro\/wp-content\/uploads\/2024\/05\/7.jpg 1080w\" sizes=\"(max-width: 300px) 100vw, 300px\" \/>\t\t\t\t\t\t\t\t\t\t\t\t\t<\/div>\n\t\t\t\t<\/div>\n\t\t\t\t<div class=\"elementor-element elementor-element-4c11c53 elementor-absolute elementor-widget-mobile__width-initial elementor-hidden-desktop elementor-hidden-tablet elementor-hidden-mobile elementor-widget elementor-widget-image\" data-id=\"4c11c53\" data-element_type=\"widget\" data-settings=\"{&quot;_position&quot;:&quot;absolute&quot;}\" data-widget_type=\"image.default\">\n\t\t\t\t<div class=\"elementor-widget-container\">\n\t\t\t\t\t\t\t\t\t\t\t\t\t<img decoding=\"async\" width=\"230\" height=\"101\" src=\"https:\/\/unpr-rse.ro\/wp-content\/uploads\/2021\/12\/signature.png\" class=\"attachment-large size-large wp-image-113\" alt=\"\" \/>\t\t\t\t\t\t\t\t\t\t\t\t\t<\/div>\n\t\t\t\t<\/div>\n\t\t\t\t\t<\/div>\n\t\t<\/div>\n\t\t\t\t\t<\/div>\n\t\t<\/section>\n\t\t\t\t\t<\/div>\n\t\t<\/div>\n\t\t\t\t\t<\/div>\n\t\t<\/section>\n\t\t\t\t<section class=\"elementor-section elementor-top-section elementor-element elementor-element-e716c74 elementor-section-boxed elementor-section-height-default elementor-section-height-default\" data-id=\"e716c74\" data-element_type=\"section\" data-settings=\"{&quot;background_background&quot;:&quot;classic&quot;}\">\n\t\t\t\t\t\t<div class=\"elementor-container elementor-column-gap-default\">\n\t\t\t\t\t<div class=\"elementor-column elementor-col-100 elementor-top-column elementor-element elementor-element-876788a\" data-id=\"876788a\" data-element_type=\"column\">\n\t\t\t<div class=\"elementor-widget-wrap elementor-element-populated\">\n\t\t\t\t\t\t<div class=\"elementor-element elementor-element-0e2110d elementor-widget elementor-widget-modina_section_title\" data-id=\"0e2110d\" data-element_type=\"widget\" data-widget_type=\"modina_section_title.default\">\n\t\t\t\t<div class=\"elementor-widget-container\">\n\t\t\t\r\n        <div class=\"block-contents text-start\">\r\n        <div class=\"section-title\">\r\n            <h5 class=\"text-start\">Comunity<\/h5>\r\n            <span><\/span>\r\n            <h2>Stay Updated with the <span>Latest News<\/span><\/h2>\r\n        <\/div>\r\n            <\/div>\r\n    \r\n    \t\t<\/div>\n\t\t\t\t<\/div>\n\t\t\t\t<div class=\"elementor-element elementor-element-4a026df elementor-widget elementor-widget-modina_news_feeds\" data-id=\"4a026df\" data-element_type=\"widget\" data-widget_type=\"modina_news_feeds.default\">\n\t\t\t\t<div class=\"elementor-widget-container\">\n\t\t\t<div class=\"row\">\r\n        <div class=\"col-xl-4 col-md-6 col-12\">\r\n        <div class=\"single-blog-card\">\r\n                        <div class=\"featured-img bg-cover\" style=\"background-image: url('https:\/\/unpr-rse.ro\/wp-content\/uploads\/2026\/03\/articol_goto2.jpg')\">\r\n            <\/div>\r\n                        <div class=\"blog-details\">\r\n                <span><i class=\"fal fa-calendar-alt\"><\/i>March 21, 2026<\/span>\r\n                <h3><a href=\"https:\/\/unpr-rse.ro\/en\/2026\/03\/21\/from-zero-to-global-go-to-market-eveniment-pentru-startup-uri-la-ambasada-hub-constanta\/\">From Zero to Global Go-To-Market: Startup Event at Ambasada Hub, Constan\u021ba<\/a><\/h3>\r\n                <p>A few days ago, Ambasada Hub in Constan\u021ba hosted a<\/p>\r\n                                <a href=\"https:\/\/unpr-rse.ro\/en\/2026\/03\/21\/from-zero-to-global-go-to-market-eveniment-pentru-startup-uri-la-ambasada-hub-constanta\/\" class=\"read-more-btn\">Read More<\/a>\r\n                            <\/div>\r\n        <\/div>\r\n    <\/div>\r\n        <div class=\"col-xl-4 col-md-6 col-12\">\r\n        <div class=\"single-blog-card\">\r\n                        <div class=\"featured-img bg-cover\" style=\"background-image: url('https:\/\/unpr-rse.ro\/wp-content\/uploads\/2026\/03\/blog-cover-food-gift-challenge-dobrogea.png')\">\r\n            <\/div>\r\n                        <div class=\"blog-details\">\r\n                <span><i class=\"fal fa-calendar-alt\"><\/i>March 21, 2026<\/span>\r\n                <h3><a href=\"https:\/\/unpr-rse.ro\/en\/2026\/03\/21\/producatorii-din-dobrogea-sunt-invitati-sa-inscrie-produse-locale-in-competitia-world-food-gift-challenge\/\">Producers from Dobrogea are invited to submit local products to the World Food Gift Challenge competition<\/a><\/h3>\r\n                <p>Local producers, artisans, and entrepreneurs from Dobrogea are invited to participate in the<\/p>\r\n                                <a href=\"https:\/\/unpr-rse.ro\/en\/2026\/03\/21\/producatorii-din-dobrogea-sunt-invitati-sa-inscrie-produse-locale-in-competitia-world-food-gift-challenge\/\" class=\"read-more-btn\">Read More<\/a>\r\n                            <\/div>\r\n        <\/div>\r\n    <\/div>\r\n        <div class=\"col-xl-4 col-md-6 col-12\">\r\n        <div class=\"single-blog-card\">\r\n                        <div class=\"featured-img bg-cover\" style=\"background-image: url('https:\/\/unpr-rse.ro\/wp-content\/uploads\/2026\/02\/IMG_0046.jpg')\">\r\n            <\/div>\r\n                        <div class=\"blog-details\">\r\n                <span><i class=\"fal fa-calendar-alt\"><\/i>February 26, 2026<\/span>\r\n                <h3><a href=\"https:\/\/unpr-rse.ro\/en\/2026\/02\/26\/dobrogea-isi-construieste-viitorul-dialog-despre-green-deal-agricultura-sustenabila-si-candidatura-la-titlul-de-regiune-gastronomica-europeana-2029\/\">Dobrogea Is Building Its Future: Dialogue on the Green Deal, Sustainable Agriculture, and the Candidacy for the 2029 European Region of Gastronomy Title<\/a><\/h3>\r\n                <p>\u201cOvidius\u201d University of Constan\u021ba hosted the workshop \u201cGreen Deal in Dobrogea: From<\/p>\r\n                                <a href=\"https:\/\/unpr-rse.ro\/en\/2026\/02\/26\/dobrogea-isi-construieste-viitorul-dialog-despre-green-deal-agricultura-sustenabila-si-candidatura-la-titlul-de-regiune-gastronomica-europeana-2029\/\" class=\"read-more-btn\">Read More<\/a>\r\n                            <\/div>\r\n        <\/div>\r\n    <\/div>\r\n        <\/div>\t\t<\/div>\n\t\t\t\t<\/div>\n\t\t\t\t\t<\/div>\n\t\t<\/div>\n\t\t\t\t\t<\/div>\n\t\t<\/section>\n\t\t\t\t<\/div>","protected":false},"excerpt":{"rendered":"<p>UNPR Misiunea noastr\u0103 Suntem puntea de leg\u0103tur\u0103 \u00eentre companiile private din Rom\u00e2nia \u0219i vrem s\u0103 deschidem \u00eempreun\u0103 cu voi noi orizonturi de business. \u00a0 Construim o comunitate puternic\u0103 \u0219i eficient\u0103, care nu doar c\u0103 ap\u0103r\u0103 interesele membrilor s\u0103i, dar \u0219i lupt\u0103 permanent pentru o abordare unitar\u0103 a problemelor majore cu care se confrunt\u0103 mediul de [&hellip;]<\/p>","protected":false},"author":1,"featured_media":0,"parent":0,"menu_order":0,"comment_status":"closed","ping_status":"closed","template":"elementor_header_footer","meta":{"om_disable_all_campaigns":false,"_monsterinsights_skip_tracking":false,"_monsterinsights_sitenote_active":false,"_monsterinsights_sitenote_note":"","_monsterinsights_sitenote_category":0,"footnotes":""},"class_list":["post-2863","page","type-page","status-publish","hentry"],"acf":[],"aioseo_notices":[],"_links":{"self":[{"href":"https:\/\/unpr-rse.ro\/en\/wp-json\/wp\/v2\/pages\/2863","targetHints":{"allow":["GET"]}}],"collection":[{"href":"https:\/\/unpr-rse.ro\/en\/wp-json\/wp\/v2\/pages"}],"about":[{"href":"https:\/\/unpr-rse.ro\/en\/wp-json\/wp\/v2\/types\/page"}],"author":[{"embeddable":true,"href":"https:\/\/unpr-rse.ro\/en\/wp-json\/wp\/v2\/users\/1"}],"replies":[{"embeddable":true,"href":"https:\/\/unpr-rse.ro\/en\/wp-json\/wp\/v2\/comments?post=2863"}],"version-history":[{"count":16,"href":"https:\/\/unpr-rse.ro\/en\/wp-json\/wp\/v2\/pages\/2863\/revisions"}],"predecessor-version":[{"id":3542,"href":"https:\/\/unpr-rse.ro\/en\/wp-json\/wp\/v2\/pages\/2863\/revisions\/3542"}],"wp:attachment":[{"href":"https:\/\/unpr-rse.ro\/en\/wp-json\/wp\/v2\/media?parent=2863"}],"curies":[{"name":"wp","href":"https:\/\/api.w.org\/{rel}","templated":true}]}}